{"id":9,"date":"2018-04-03T15:00:09","date_gmt":"2018-04-03T13:00:09","guid":{"rendered":"http:\/\/wash-n-polish.de\/?page_id=9"},"modified":"2018-04-17T00:05:14","modified_gmt":"2018-04-16T22:05:14","slug":"ueber-uns","status":"publish","type":"page","link":"https:\/\/wash-n-polish.de\/index.php\/ueber-uns\/","title":{"rendered":"\u00dcber Uns"},"content":{"rendered":"<p><strong>Bei uns geben Sie Ihr Fahrzeug in gute H\u00e4nde!<\/strong><\/p>\n<p>Wir sind erfolgreich seit \u00fcber 10 Jahren im Bereich der professionellen Fahrzeugpflege und -aufbereitung t\u00e4tig. Viele zufriedene Stammkunden nehmen regelm\u00e4\u00dfig unsere Dienstleistung in Anspruch.<\/p>\n<p><em>Unser besonderer Service f\u00fcr Sie:<\/em><br \/>\nSie haben keine Zeit zum Autowaschen?!<\/p>\n<p>Gerne \u00fcbernehmen wir das f\u00fcr Sie, auch w\u00e4hrend Ihres Einkaufs oder Ihrer Arbeitszeit!<\/p>\n<p>&nbsp;<\/p>\n<p><img decoding=\"async\" loading=\"lazy\" class=\"size-full wp-image-95 aligncenter\" src=\"http:\/\/wash-n-polish.de\/wp-content\/uploads\/2018\/04\/bfa.jpg\" alt=\"\" width=\"250\" height=\"387\" srcset=\"https:\/\/wash-n-polish.de\/wp-content\/uploads\/2018\/04\/bfa.jpg 250w, https:\/\/wash-n-polish.de\/wp-content\/uploads\/2018\/04\/bfa-194x300.jpg 194w, https:\/\/wash-n-polish.de\/wp-content\/uploads\/2018\/04\/bfa-97x150.jpg 97w\" sizes=\"(max-width: 250px) 100vw, 250px\" \/><\/p>\n","protected":false},"excerpt":{"rendered":"<p>Bei uns geben Sie Ihr Fahrzeug in gute H\u00e4nde! Wir sind erfolgreich seit \u00fcber 10 Jahren im Bereich der professionellen Fahrzeugpflege und -aufbereitung t\u00e4tig. Viele zufriedene Stammkunden nehmen regelm\u00e4\u00dfig unsere Dienstleistung in Anspruch. Unser besonderer[&#8230;]<\/p>\n","protected":false},"author":1,"featured_media":0,"parent":0,"menu_order":2,"comment_status":"closed","ping_status":"closed","template":"","meta":[],"aioseo_notices":[],"_links":{"self":[{"href":"https:\/\/wash-n-polish.de\/index.php\/wp-json\/wp\/v2\/pages\/9"}],"collection":[{"href":"https:\/\/wash-n-polish.de\/index.php\/wp-json\/wp\/v2\/pages"}],"about":[{"href":"https:\/\/wash-n-polish.de\/index.php\/wp-json\/wp\/v2\/types\/page"}],"author":[{"embeddable":true,"href":"https:\/\/wash-n-polish.de\/index.php\/wp-json\/wp\/v2\/users\/1"}],"replies":[{"embeddable":true,"href":"https:\/\/wash-n-polish.de\/index.php\/wp-json\/wp\/v2\/comments?post=9"}],"version-history":[{"count":4,"href":"https:\/\/wash-n-polish.de\/index.php\/wp-json\/wp\/v2\/pages\/9\/revisions"}],"predecessor-version":[{"id":98,"href":"https:\/\/wash-n-polish.de\/index.php\/wp-json\/wp\/v2\/pages\/9\/revisions\/98"}],"wp:attachment":[{"href":"https:\/\/wash-n-polish.de\/index.php\/wp-json\/wp\/v2\/media?parent=9"}],"curies":[{"name":"wp","href":"https:\/\/api.w.org\/{rel}","templated":true}]}}