{"id":38,"date":"2018-04-05T02:43:14","date_gmt":"2018-04-05T00:43:14","guid":{"rendered":"http:\/\/wash-n-polish.de\/?page_id=38"},"modified":"2018-05-07T14:03:42","modified_gmt":"2018-05-07T12:03:42","slug":"impressum","status":"publish","type":"page","link":"https:\/\/wash-n-polish.de\/index.php\/impressum\/","title":{"rendered":"Impressum"},"content":{"rendered":"<p>Wash \u2018n Polish<br \/>\nYusuf Cicek<br \/>\nH\u00fcgelstr. 145<br \/>\n60431 Frankfurt<\/p>\n<p>E-Mail: info@wash-n-polish.de<br \/>\nTelefon 069 \/ 150 28 25 6<br \/>\nMobil 0173 7991899<\/p>\n<p>Steuernummer: 01337962538<\/p>\n<p>Logfile<br \/>\nUnser Provider erhebt und speichert automatisch Daten in seinen Server Log Files, die Ihr Browser an uns \u00fcbermittelt.<\/p>\n<p>Es handelt sich hierbei um:<\/p>\n<p>Browsertyp \/-version<br \/>\nverwendetes Betriebssystem<br \/>\nHostname des zugreifenden Rechners (IP Adresse)<br \/>\nUhrzeit der Serveranfrage<\/p>\n<p>Diese Daten k\u00f6nnen vom Betreiber keinen bestimmten Personen zugeordnet werden und werden nur f\u00fcr interne, statistische Zwecke genutzt und keinem Dritten zug\u00e4nglich gemacht.<br \/>\nPersonenbezogene Daten werden nur dann erhoben, wenn Sie diese dem Betreiber freiwillig \u00fcbermitteln (z.B. durch das Ausf\u00fcllen eines Formulares).<\/p>\n<p>Cookies<\/p>\n<p>Wir verwenden an mehreren Stellen so genannte Cookies. Sie dienen dazu, unser Angebot nutzerfreundlicher, effektiver und sicherer zu machen. Cookies sind kleine Textdateien, die auf Ihrem Rechner abgelegt werden und die Ihr Browser speichert. Die meisten der von uns verwendeten Cookies werden nach Ende Ihres Besuchs automatisch gel\u00f6scht. Cookies richten auf Ihrem Rechner keinen Schaden an und enthalten keine Viren.<\/p>\n<p>Auskunftsrecht<br \/>\nSie haben jederzeit das Recht auf Auskunft \u00fcber die bez\u00fcglich Ihrer Person gespeicherten Daten, deren Herkunft und Empf\u00e4nger sowie den Zweck der Speicherung. Auskunft \u00fcber die gespeicherten Daten erhalten Sie auf Anfrage per E-Mail (siehe Impressum) von uns.<\/p>\n","protected":false},"excerpt":{"rendered":"<p>Wash \u2018n Polish Yusuf Cicek H\u00fcgelstr. 145 60431 Frankfurt E-Mail: info@wash-n-polish.de Telefon 069 \/ 150 28 25 6 Mobil 0173 7991899 Steuernummer: 01337962538 Logfile Unser Provider erhebt und speichert automatisch Daten in seinen Server Log[&#8230;]<\/p>\n","protected":false},"author":1,"featured_media":0,"parent":0,"menu_order":10,"comment_status":"closed","ping_status":"closed","template":"","meta":[],"aioseo_notices":[],"_links":{"self":[{"href":"https:\/\/wash-n-polish.de\/index.php\/wp-json\/wp\/v2\/pages\/38"}],"collection":[{"href":"https:\/\/wash-n-polish.de\/index.php\/wp-json\/wp\/v2\/pages"}],"about":[{"href":"https:\/\/wash-n-polish.de\/index.php\/wp-json\/wp\/v2\/types\/page"}],"author":[{"embeddable":true,"href":"https:\/\/wash-n-polish.de\/index.php\/wp-json\/wp\/v2\/users\/1"}],"replies":[{"embeddable":true,"href":"https:\/\/wash-n-polish.de\/index.php\/wp-json\/wp\/v2\/comments?post=38"}],"version-history":[{"count":4,"href":"https:\/\/wash-n-polish.de\/index.php\/wp-json\/wp\/v2\/pages\/38\/revisions"}],"predecessor-version":[{"id":152,"href":"https:\/\/wash-n-polish.de\/index.php\/wp-json\/wp\/v2\/pages\/38\/revisions\/152"}],"wp:attachment":[{"href":"https:\/\/wash-n-polish.de\/index.php\/wp-json\/wp\/v2\/media?parent=38"}],"curies":[{"name":"wp","href":"https:\/\/api.w.org\/{rel}","templated":true}]}}