{"id":15,"date":"2018-04-03T15:01:05","date_gmt":"2018-04-03T13:01:05","guid":{"rendered":"http:\/\/wash-n-polish.de\/?page_id=15"},"modified":"2018-05-08T13:09:25","modified_gmt":"2018-05-08T11:09:25","slug":"agbs","status":"publish","type":"page","link":"https:\/\/wash-n-polish.de\/index.php\/agbs\/","title":{"rendered":"AGB&#8217;s"},"content":{"rendered":"<p>AGBs \u2013 allgemeinen Gesch\u00e4ftsbedingungen<br \/>\nvon Wash\u00b4n Polish (Im Folgenden auch als \u201cder Auftragnehmer\u201d bezeichnet)<\/p>\n<p>1. Allgemeine Regelungen<\/p>\n<p>a.) Die nachfolgenden AGBs gelten f\u00fcr alle Leistungen der Wash\u00b4n Polish.<\/p>\n<p>b.) Allgemeine Gesch\u00e4ftsbedingungen des Kunden werden nicht Bestandteil des Vertrages.<\/p>\n<p>c.) Von den AGBs abweichende Vereinbarungen sind nur wirksam, wenn sie schriftlich getroffen werden.<\/p>\n<p>2. Gew\u00e4hrleistung und Haftung<\/p>\n<p>a.) Soweit nachfolgend nichts Abweichendes geregelt ist, gelten die gesetzlichen Regelungen zur Gew\u00e4hrleistung und Haftung.<\/p>\n<p>b.) Wash\u00b4n Polish haftet nur f\u00fcr Sch\u00e4den, die vors\u00e4tzlich oder grob fahrl\u00e4ssig verursacht wurden. Bei Sch\u00e4den an Leben, K\u00f6rper und Gesundheit haftet Wash\u00b4n Polish auch f\u00fcr einfache Fahrl\u00e4ssigkeit.<\/p>\n<p>c.) F\u00fcr Sch\u00e4den, die an Verbrauchsmaterialien und Verschlei\u00dfteilen entstehen, sowie f\u00fcr Sch\u00e4den, die durch die gew\u00f6hnliche Abnutzung oder durch h\u00f6here Gewalt entstehen, \u00fcbernimmt Wash\u00b4n Polish keine Haftung. Dies gilt auch f\u00fcr Sch\u00e4den und M\u00e4ngel, die durch einen fehlerhaften Gebrauch oder durch fahrl\u00e4ssiges Verhalten des Kunden verursacht werden.<\/p>\n<p>d.) Werden wesentliche Vertragspflichten verletzt, so beschr\u00e4nkt sich die Haftung von Wash\u00b4n Polish\u00a0 auf den Ersatz solcher Sch\u00e4den, die nach der Art der Leistung typischerweise auftreten. Der Ersatz sonstiger, atypischer Sch\u00e4den wird ausdr\u00fccklich ausgeschlossen. Anspr\u00fcche aus \u00fcbernommenen Garantien bzw. aus dem Produkthaftungsgesetz bleiben hiervon unber\u00fchrt.<\/p>\n<p>e.) Wash\u00b4n Polish \u00fcbernimmt keine Haftung f\u00fcr im Auto befindliche Gegenst\u00e4nde.<\/p>\n<p>f.) Die Feststellungen zu etwaigen Sch\u00e4den am Kfz bei \u00dcbergabe und bei Abholung des Fahrzeuges sind Bestandteil des Vertrages.<\/p>\n<p>g.) Der Kunde ist verpflichtet, das Fahrzeug bei Abholung auf \u00e4u\u00dferliche, mit blo\u00dfem Auge erkennbare Sch\u00e4den zu untersuchen. Etwaige Sch\u00e4den werden im sog. Abhol-Protokoll festgehalten. F\u00fcr Sch\u00e4den, die vom Kunden nicht reklamiert und daher im Abhol-Protokoll nicht festgehalten sind, entf\u00e4llt die Haftung der \u201cGesellschaft\u201d, sobald der Kunde die Gesch\u00e4ftsr\u00e4ume von Wash\u00b4n Polish verlassen hat.<\/p>\n<p>h.) Sonstige Reklamationen sind schriftlich an Wash\u00b4n Polish, H\u00fcgelstr. 145 60431 Frankfurt zu richten.<\/p>\n<p>i.) Ein Ersatz f\u00fcr Sch\u00e4den, die nicht am Vertragsgegenstand selbst entstanden sind (z.B. Gewinnausfall, sonstige Verm\u00f6genssch\u00e4den) ist ausgeschlossen.<\/p>\n<p>j.) Ersatz f\u00fcr Sch\u00e4den, die im Zusammenhang mit der Verbringung des Kfz zur Betriebsst\u00e4tte von Wash\u00b4n Polish und zur\u00fcck zum Abholort im Stra\u00dfenverkehr oder im Parkhaus entstehen, wird durch Wash\u00b4n Polish nur dann geschuldet, wenn der Schaden durch schuldhaftes Verhalten verursacht wurde, welches Wash\u00b4n Polish zuzurechnen ist.<\/p>\n<p>k.) Der Kunde ist verpflichtet, die ordnungsgem\u00e4\u00dfe Zulassung des Kfz und die Versicherung f\u00fcr den Betrieb im Stra\u00dfenverkehr zu gew\u00e4hrleisten. Im Schadensfall tr\u00e4gt der Kunde einen etwaigen Selbstbehalt seiner Kfz-Versicherung selbst, wenn der Auftragnehmer nicht grob fahrl\u00e4ssig oder vors\u00e4tzlich bzw. im Fall von Personensch\u00e4den mindestens leicht fahrl\u00e4ssig gehandelt hat.<\/p>\n<p>l.) Der Kunde ist weiterhin verpflichtet, sicherzustellen, dass sich das Kfz in einem technisch einwandfreien Zustand befindet, soweit die Behebung dieses Mangels nicht die Vertragsleistung darstellt. Unterl\u00e4\u00dft es der Kunde, den Auftragnehmer auf etwaige M\u00e4ngel hinzuweisen und kommt es zu einem Schaden, so haftet der Kunde gegen\u00fcber Wash\u00b4n Polish sowie gegen\u00fcber gesch\u00e4digten Dritten auf Schadensersatz. Der Kunde ist in diesem Fall verpflichtet, Wash\u00b4n Polish gegen\u00fcber gesch\u00e4digten Dritten von der Haftung freizustellen.<br \/>\nm. Wash\u00b4n Polish \u00fcbernimmt keine Parkgeb\u00fchren und auch keine etwaigen Kosten im Falle einer Nichtzahlung der Parkgeb\u00fchren.<\/p>\n<p>3. Eigentumsvorbehalt bei Reparaturen<\/p>\n<p>Bei der Durchf\u00fchrung von Reparaturen bleiben eingef\u00fcgte Ersatzteile solange im Eigentum von Wash\u00b4n Polish, bis alle Forderungen des Auftragnehmers aus dem Vertrag beglichen sind. Bei Zahlungsverzug des Kunden steht Wash\u00b4n Polish ein Anspruch auf Herausgabe der Ersatzteile zu.<\/p>\n<p>4. Leistungszeitpunkt<\/p>\n<p>a.) Vereinbarte Termine zur Ausf\u00fchrung der bestellten Leistungen sind nur dann verbindlich, wenn sie schriftlich vereinbart sind. Weiterhin sind entsprechende Vereinbarungen nur dann verbindlich, wenn ihre Einhaltung nicht durch solche Umst\u00e4nde unm\u00f6glich gemacht wird, die der Auftragnehmer nicht zu vertreten hat.<\/p>\n<p>b.) Die \u00d6ffnungszeiten von Wash\u00b4n Polish\u00a0 sind wie folgt: Montag bis Freitag von 9.00 Uhr bis 18 Uhr, Samstag von 9 Uhr bis 12 Uhr.<\/p>\n<p>5. Zahlungsbedingungen<\/p>\n<p>a.) Die Rechnungsbetr\u00e4ge sind sofort bei Rechnungserhalt f\u00e4llig. Teilzahlungen werden nicht angenommen. F\u00fcr Leistungen, die nicht im Vertrag festgehalten sind, kann ein Nachtragsangebot angefordert \/ abgegeben werden. Kommt hier\u00fcber keine Vereinbarung zustande, werden Zusatzleistungen nach Umfang und Zeitaufwand berechnet. Die Preise richten sich nach der jeweils aktuellen Preistabelle, die in den Gesch\u00e4ftsr\u00e4umen von Wash\u00b4n Polish und in den Annahmestellen aush\u00e4ngt und jederzeit eingesehen werden kann.<\/p>\n<p>b.) Eine Aufrechnung ist nur mit rechtskr\u00e4ftig festgestellten Gegenanspr\u00fcchen m\u00f6glich.<\/p>\n<p>6. Schlussbestimmungen<\/p>\n<p>a.) Sollten einzelne Bestimmungen dieses Regelwerks unwirksam sein oder werden, so wird die Wirksamkeit der \u00fcbrigen Bestimmungen dadurch nicht ber\u00fchrt. Eine etwaig unwirksame Bestimmung ist durch eine solche Bestimmung zu ersetzen, die dem wirtschaftlichen Wollen von Wash\u00b4n Polish\u00a0 am n\u00e4chsten kommt. Die gilt entsprechend f\u00fcr etwaige Vertragsl\u00fccken im Rahmen der Kundenvereinbarungen.<\/p>\n<p>b.) Die Vereinbarungen zwischen Wash\u00b4n Polish und den jeweiligen Kunden sind in dem jeweiligen Vertrag und in den vorliegenden AGBs abschlie\u00dfend schriftlich festgehalten. Sonstige Vereinbarungen sind nur wirksam, wenn sie schriftlich unter Bezugnahme auf den jeweiligen Vertrag erfolgen.<br \/>\nc.) Es gilt das Recht der Bundesrepublik Deutschland.<\/p>\n<p>d.) Gerichtsstand f\u00fcr alle Streitigkeiten aus dem umseitigen Vertrag ist das f\u00fcr den Sitz der Gesellschaft zust\u00e4ndige Gericht.<\/p>\n","protected":false},"excerpt":{"rendered":"<p>AGBs \u2013 allgemeinen Gesch\u00e4ftsbedingungen von Wash\u00b4n Polish (Im Folgenden auch als \u201cder Auftragnehmer\u201d bezeichnet) 1. Allgemeine Regelungen a.) Die nachfolgenden AGBs gelten f\u00fcr alle Leistungen der Wash\u00b4n Polish. b.) Allgemeine Gesch\u00e4ftsbedingungen des Kunden werden nicht[&#8230;]<\/p>\n","protected":false},"author":1,"featured_media":0,"parent":0,"menu_order":8,"comment_status":"closed","ping_status":"closed","template":"","meta":[],"aioseo_notices":[],"_links":{"self":[{"href":"https:\/\/wash-n-polish.de\/index.php\/wp-json\/wp\/v2\/pages\/15"}],"collection":[{"href":"https:\/\/wash-n-polish.de\/index.php\/wp-json\/wp\/v2\/pages"}],"about":[{"href":"https:\/\/wash-n-polish.de\/index.php\/wp-json\/wp\/v2\/types\/page"}],"author":[{"embeddable":true,"href":"https:\/\/wash-n-polish.de\/index.php\/wp-json\/wp\/v2\/users\/1"}],"replies":[{"embeddable":true,"href":"https:\/\/wash-n-polish.de\/index.php\/wp-json\/wp\/v2\/comments?post=15"}],"version-history":[{"count":6,"href":"https:\/\/wash-n-polish.de\/index.php\/wp-json\/wp\/v2\/pages\/15\/revisions"}],"predecessor-version":[{"id":156,"href":"https:\/\/wash-n-polish.de\/index.php\/wp-json\/wp\/v2\/pages\/15\/revisions\/156"}],"wp:attachment":[{"href":"https:\/\/wash-n-polish.de\/index.php\/wp-json\/wp\/v2\/media?parent=15"}],"curies":[{"name":"wp","href":"https:\/\/api.w.org\/{rel}","templated":true}]}}