{"id":11,"date":"2018-04-03T15:00:30","date_gmt":"2018-04-03T13:00:30","guid":{"rendered":"http:\/\/wash-n-polish.de\/?page_id=11"},"modified":"2018-04-05T02:39:56","modified_gmt":"2018-04-05T00:39:56","slug":"service","status":"publish","type":"page","link":"https:\/\/wash-n-polish.de\/index.php\/service\/","title":{"rendered":"Service"},"content":{"rendered":"<p>Keine Zeit zum Autowaschen?<br \/>\nWir erledigen das f\u00fcr Sie!<\/p>\n<p>Wir bieten Ihnen eine Vielzahl von professionell ausgef\u00fchrten Service-<br \/>\nLeistungen rund um die Pflege Ihres Fahrzeuges an.<\/p>\n<p>  Fahrzeugreinigung<br \/>\n  Politur<br \/>\n  Unfallinstandsetzung<br \/>\n  T\u00dcV &#038; AU<br \/>\n  Beulendoktor<br \/>\n  Felgenreparatur<br \/>\n  Hol &#038; Bring Service<br \/>\n  Autoreparaturen<\/p>\n","protected":false},"excerpt":{"rendered":"<p>Keine Zeit zum Autowaschen? Wir erledigen das f\u00fcr Sie! Wir bieten Ihnen eine Vielzahl von professionell ausgef\u00fchrten Service- Leistungen rund um die Pflege Ihres Fahrzeuges an. Fahrzeugreinigung Politur Unfallinstandsetzung T\u00dcV &#038; AU Beulendoktor Felgenreparatur Hol[&#8230;]<\/p>\n","protected":false},"author":1,"featured_media":0,"parent":0,"menu_order":4,"comment_status":"closed","ping_status":"closed","template":"","meta":[],"aioseo_notices":[],"_links":{"self":[{"href":"https:\/\/wash-n-polish.de\/index.php\/wp-json\/wp\/v2\/pages\/11"}],"collection":[{"href":"https:\/\/wash-n-polish.de\/index.php\/wp-json\/wp\/v2\/pages"}],"about":[{"href":"https:\/\/wash-n-polish.de\/index.php\/wp-json\/wp\/v2\/types\/page"}],"author":[{"embeddable":true,"href":"https:\/\/wash-n-polish.de\/index.php\/wp-json\/wp\/v2\/users\/1"}],"replies":[{"embeddable":true,"href":"https:\/\/wash-n-polish.de\/index.php\/wp-json\/wp\/v2\/comments?post=11"}],"version-history":[{"count":2,"href":"https:\/\/wash-n-polish.de\/index.php\/wp-json\/wp\/v2\/pages\/11\/revisions"}],"predecessor-version":[{"id":35,"href":"https:\/\/wash-n-polish.de\/index.php\/wp-json\/wp\/v2\/pages\/11\/revisions\/35"}],"wp:attachment":[{"href":"https:\/\/wash-n-polish.de\/index.php\/wp-json\/wp\/v2\/media?parent=11"}],"curies":[{"name":"wp","href":"https:\/\/api.w.org\/{rel}","templated":true}]}}